{"id":1727,"date":"2026-05-05T18:26:14","date_gmt":"2026-05-05T18:26:14","guid":{"rendered":"https:\/\/cura.energy\/retiros\/"},"modified":"2026-05-08T23:45:43","modified_gmt":"2026-05-08T23:45:43","slug":"retiros","status":"publish","type":"page","link":"https:\/\/cura.energy\/es\/retiros\/","title":{"rendered":"Retiros"},"content":{"rendered":"\t\t<div data-elementor-type=\"wp-page\" data-elementor-id=\"1727\" class=\"elementor elementor-1727 elementor-1454\" data-elementor-post-type=\"page\">\n\t\t\t\t<div class=\"elementor-element elementor-element-ccfc64e e-con-full e-flex e-con e-parent\" data-id=\"ccfc64e\" data-element_type=\"container\" data-e-type=\"container\" data-settings=\"{&quot;background_background&quot;:&quot;classic&quot;}\">\n\t\t<div class=\"elementor-element elementor-element-8e4b8f4 e-flex e-con-boxed e-con e-child\" data-id=\"8e4b8f4\" data-element_type=\"container\" data-e-type=\"container\">\n\t\t\t\t\t<div class=\"e-con-inner\">\n\t\t\t\t<div class=\"elementor-element elementor-element-786db1f elementor-widget elementor-widget-text-editor\" data-id=\"786db1f\" data-element_type=\"widget\" data-e-type=\"widget\" data-widget_type=\"text-editor.default\">\n\t\t\t\t\t\t\t\t\t<p style=\"text-align:center;color:rgba(255,255,255,0.9);font-size:12px;letter-spacing:0.3em;text-transform:uppercase;font-weight:500;margin:0;\">CURA  \u00b7  Retiros<\/p>\t\t\t\t\t\t\t\t<\/div>\n\t\t\t\t<div class=\"elementor-element elementor-element-df91349 elementor-widget elementor-widget-heading\" data-id=\"df91349\" data-element_type=\"widget\" data-e-type=\"widget\" data-widget_type=\"heading.default\">\n\t\t\t\t\t<h1 class=\"elementor-heading-title elementor-size-default\">Espacios de Reconexi\u00f3n<\/h1>\t\t\t\t<\/div>\n\t\t\t\t<div class=\"elementor-element elementor-element-7be1c9f elementor-widget elementor-widget-text-editor\" data-id=\"7be1c9f\" data-element_type=\"widget\" data-e-type=\"widget\" data-widget_type=\"text-editor.default\">\n\t\t\t\t\t\t\t\t\t<p style=\"text-align:center;color:rgba(255,255,255,0.92);font-size:22px;font-style:italic;line-height:1.5;font-family:'Playfair Display', serif;max-width:680px;margin:0 auto;\">Porque sanar no deber\u00eda ser un viaje en solitario.<\/p>\t\t\t\t\t\t\t\t<\/div>\n\t\t\t\t<div class=\"elementor-element elementor-element-6e0db64 elementor-widget elementor-widget-text-editor\" data-id=\"6e0db64\" data-element_type=\"widget\" data-e-type=\"widget\" data-widget_type=\"text-editor.default\">\n\t\t\t\t\t\t\t\t\t<p style=\"text-align: center; color: rgba(255,255,255,0.8); font-size: 14px; letter-spacing: 0.2em; text-transform: uppercase; margin-top: 8px;\">2026 \u00b7 M\u00e9xico &amp; IndoneSIA<\/p>\t\t\t\t\t\t\t\t<\/div>\n\t\t\t\t\t<\/div>\n\t\t\t\t<\/div>\n\t\t\t\t<\/div>\n\t\t<div class=\"elementor-element elementor-element-98dacaa e-con-full e-flex e-con e-parent\" data-id=\"98dacaa\" data-element_type=\"container\" data-e-type=\"container\" data-settings=\"{&quot;background_background&quot;:&quot;classic&quot;}\">\n\t\t<div class=\"elementor-element elementor-element-79568f9 e-flex e-con-boxed e-con e-child\" data-id=\"79568f9\" data-element_type=\"container\" data-e-type=\"container\">\n\t\t\t\t\t<div class=\"e-con-inner\">\n\t\t\t\t<div class=\"elementor-element elementor-element-333f275 elementor-widget elementor-widget-text-editor\" data-id=\"333f275\" data-element_type=\"widget\" data-e-type=\"widget\" data-widget_type=\"text-editor.default\">\n\t\t\t\t\t\t\t\t\t<p style=\"text-align:center;color:#666666;font-size:12px;letter-spacing:0.25em;text-transform:uppercase;font-weight:500;margin:0;\">Nuestros retiros<\/p>\t\t\t\t\t\t\t\t<\/div>\n\t\t\t\t<div class=\"elementor-element elementor-element-313ea37 elementor-widget elementor-widget-heading\" data-id=\"313ea37\" data-element_type=\"widget\" data-e-type=\"widget\" data-widget_type=\"heading.default\">\n\t\t\t\t\t<h2 class=\"elementor-heading-title elementor-size-default\">Un regreso a ti<\/h2>\t\t\t\t<\/div>\n\t\t\t\t<div class=\"elementor-element elementor-element-a02aa36 elementor-widget elementor-widget-text-editor\" data-id=\"a02aa36\" data-element_type=\"widget\" data-e-type=\"widget\" data-widget_type=\"text-editor.default\">\n\t\t\t\t\t\t\t\t\t<div style=\"text-align: center; font-size: 18px; line-height: 1.75; color: #3a3a3a;\"><p><strong><em>Comprende din\u00e1micas<\/em><\/strong> que no te est\u00e1n nutriendo. <strong>Reprograma tu sistema de creencias<\/strong> desde la ra\u00edz. <strong>Sana tu coraz\u00f3n<\/strong>, despierta tu creatividad y reconecta con el poder de <strong>vivir una vida ritualizada e intencional.<\/strong><\/p><p><em>(Al suscribirte a cualquiera de nuestras membres\u00edas recibir\u00e1s <strong>10% de descuento<\/strong> en nuestros retiros).<\/em><\/p><\/div>\t\t\t\t\t\t\t\t<\/div>\n\t\t\t\t\t<\/div>\n\t\t\t\t<\/div>\n\t\t\t\t<\/div>\n\t\t<div class=\"elementor-element elementor-element-8fc349c e-con-full e-flex e-con e-parent\" data-id=\"8fc349c\" data-element_type=\"container\" data-e-type=\"container\">\n\t\t<div class=\"elementor-element elementor-element-19a8d34 e-flex e-con-boxed e-con e-child\" data-id=\"19a8d34\" data-element_type=\"container\" data-e-type=\"container\" data-settings=\"{&quot;background_background&quot;:&quot;classic&quot;}\">\n\t\t\t\t\t<div class=\"e-con-inner\">\n\t\t\t\t<div class=\"elementor-element elementor-element-d6a4eb1 elementor-widget elementor-widget-text-editor\" data-id=\"d6a4eb1\" data-element_type=\"widget\" data-e-type=\"widget\" data-widget_type=\"text-editor.default\">\n\t\t\t\t\t\t\t\t\t<p style=\"text-align: center; color: rgba(255,255,255,0.85); font-size: 12px; letter-spacing: 0.25em; text-transform: uppercase; margin: 0 0 12px;\">6 \u2013 12 de septiembre, 2026<\/p>\t\t\t\t\t\t\t\t<\/div>\n\t\t\t\t<div class=\"elementor-element elementor-element-401954b elementor-widget elementor-widget-heading\" data-id=\"401954b\" data-element_type=\"widget\" data-e-type=\"widget\" data-widget_type=\"heading.default\">\n\t\t\t\t\t<h2 class=\"elementor-heading-title elementor-size-default\">Tepoztl\u00e1n, M\u00e9xico<\/h2>\t\t\t\t<\/div>\n\t\t\t\t<div class=\"elementor-element elementor-element-335a3a1 elementor-widget elementor-widget-spacer\" data-id=\"335a3a1\" data-element_type=\"widget\" data-e-type=\"widget\" data-widget_type=\"spacer.default\">\n\t\t\t\t\t\t\t<div class=\"elementor-spacer\">\n\t\t\t<div class=\"elementor-spacer-inner\"><\/div>\n\t\t<\/div>\n\t\t\t\t\t\t<\/div>\n\t\t\t\t<div class=\"elementor-element elementor-element-397d2db elementor-widget elementor-widget-text-editor\" data-id=\"397d2db\" data-element_type=\"widget\" data-e-type=\"widget\" data-widget_type=\"text-editor.default\">\n\t\t\t\t\t\t\t\t\t<p style=\"text-align:center;font-style:italic;color:rgba(255,255,255,0.9);font-size:18px;font-family:'Playfair Display',serif;max-width:380px;margin:0 auto;\">Un camino para sanar tu coraz\u00f3n y aprender una forma m\u00e1s suave de amar \u2014 a ti y a los dem\u00e1s.<\/p>\t\t\t\t\t\t\t\t<\/div>\n\t\t\t\t<div class=\"elementor-element elementor-element-bd99649 elementor-widget elementor-widget-spacer\" data-id=\"bd99649\" data-element_type=\"widget\" data-e-type=\"widget\" data-widget_type=\"spacer.default\">\n\t\t\t\t\t\t\t<div class=\"elementor-spacer\">\n\t\t\t<div class=\"elementor-spacer-inner\"><\/div>\n\t\t<\/div>\n\t\t\t\t\t\t<\/div>\n\t\t\t\t<div class=\"elementor-element elementor-element-f35b79e elementor-align-center elementor-widget elementor-widget-button\" data-id=\"f35b79e\" data-element_type=\"widget\" data-e-type=\"widget\" data-widget_type=\"button.default\">\n\t\t\t\t\t\t\t\t\t\t<a class=\"elementor-button elementor-button-link elementor-size-lg\" href=\"\/es\/retiros\/tepoztlan\/\" target=\"_blank\">\n\t\t\t\t\t\t<span class=\"elementor-button-content-wrapper\">\n\t\t\t\t\t\t\t\t\t<span class=\"elementor-button-text\">Descubrir Tepoztl\u00e1n<\/span>\n\t\t\t\t\t<\/span>\n\t\t\t\t\t<\/a>\n\t\t\t\t\t\t\t\t<\/div>\n\t\t\t\t\t<\/div>\n\t\t\t\t<\/div>\n\t\t<div class=\"elementor-element elementor-element-22019a4 e-flex e-con-boxed e-con e-child\" data-id=\"22019a4\" data-element_type=\"container\" data-e-type=\"container\" data-settings=\"{&quot;background_background&quot;:&quot;classic&quot;}\">\n\t\t\t\t\t<div class=\"e-con-inner\">\n\t\t\t\t<div class=\"elementor-element elementor-element-d2d209d elementor-widget elementor-widget-text-editor\" data-id=\"d2d209d\" data-element_type=\"widget\" data-e-type=\"widget\" data-widget_type=\"text-editor.default\">\n\t\t\t\t\t\t\t\t\t<p style=\"text-align:center;color:rgba(255,255,255,0.85);font-size:12px;letter-spacing:0.25em;text-transform:uppercase;margin:0 0 12px;\">17 \u2013 24 de noviembre, 2026<\/p>\t\t\t\t\t\t\t\t<\/div>\n\t\t\t\t<div class=\"elementor-element elementor-element-5fb4d84 elementor-widget elementor-widget-heading\" data-id=\"5fb4d84\" data-element_type=\"widget\" data-e-type=\"widget\" data-widget_type=\"heading.default\">\n\t\t\t\t\t<h2 class=\"elementor-heading-title elementor-size-default\">Bali, Indonesia<\/h2>\t\t\t\t<\/div>\n\t\t\t\t<div class=\"elementor-element elementor-element-c17ae62 elementor-widget elementor-widget-spacer\" data-id=\"c17ae62\" data-element_type=\"widget\" data-e-type=\"widget\" data-widget_type=\"spacer.default\">\n\t\t\t\t\t\t\t<div class=\"elementor-spacer\">\n\t\t\t<div class=\"elementor-spacer-inner\"><\/div>\n\t\t<\/div>\n\t\t\t\t\t\t<\/div>\n\t\t\t\t<div class=\"elementor-element elementor-element-8e9a470 elementor-widget elementor-widget-text-editor\" data-id=\"8e9a470\" data-element_type=\"widget\" data-e-type=\"widget\" data-widget_type=\"text-editor.default\">\n\t\t\t\t\t\t\t\t\t<p style=\"text-align:center;font-style:italic;color:rgba(255,255,255,0.9);font-size:18px;font-family:'Playfair Display',serif;max-width:380px;margin:0 auto;\">Un espacio para reconocer din\u00e1micas, reprogramar tu sistema de creencias y aprender a ritualizar la vida.<\/p>\t\t\t\t\t\t\t\t<\/div>\n\t\t\t\t<div class=\"elementor-element elementor-element-74d0ac0 elementor-widget elementor-widget-spacer\" data-id=\"74d0ac0\" data-element_type=\"widget\" data-e-type=\"widget\" data-widget_type=\"spacer.default\">\n\t\t\t\t\t\t\t<div class=\"elementor-spacer\">\n\t\t\t<div class=\"elementor-spacer-inner\"><\/div>\n\t\t<\/div>\n\t\t\t\t\t\t<\/div>\n\t\t\t\t<div class=\"elementor-element elementor-element-1c0bb2b elementor-align-center elementor-widget elementor-widget-button\" data-id=\"1c0bb2b\" data-element_type=\"widget\" data-e-type=\"widget\" data-widget_type=\"button.default\">\n\t\t\t\t\t\t\t\t\t\t<a class=\"elementor-button elementor-button-link elementor-size-lg\" href=\"\/es\/retiros\/bali\/\" target=\"_blank\">\n\t\t\t\t\t\t<span class=\"elementor-button-content-wrapper\">\n\t\t\t\t\t\t\t\t\t<span class=\"elementor-button-text\">Descubrir Bali<\/span>\n\t\t\t\t\t<\/span>\n\t\t\t\t\t<\/a>\n\t\t\t\t\t\t\t\t<\/div>\n\t\t\t\t\t<\/div>\n\t\t\t\t<\/div>\n\t\t\t\t<\/div>\n\t\t\t\t<\/div>\n\t\t","protected":false},"excerpt":{"rendered":"<p>CURA \u00b7 Retiros Espacios de Reconexi\u00f3n Porque sanar no deber\u00eda ser un viaje en solitario. 2026 \u00b7 M\u00e9xico &amp; IndoneSIA Nuestros retiros Un regreso a ti Comprende din\u00e1micas que no te est\u00e1n nutriendo. Reprograma tu sistema de creencias desde la ra\u00edz. Sana tu coraz\u00f3n, despierta tu creatividad y reconecta con el poder de vivir una [&hellip;]<\/p>\n","protected":false},"author":0,"featured_media":0,"parent":0,"menu_order":0,"comment_status":"closed","ping_status":"closed","template":"","meta":{"footnotes":""},"class_list":["post-1727","page","type-page","status-publish","hentry"],"_links":{"self":[{"href":"https:\/\/cura.energy\/es\/wp-json\/wp\/v2\/pages\/1727","targetHints":{"allow":["GET"]}}],"collection":[{"href":"https:\/\/cura.energy\/es\/wp-json\/wp\/v2\/pages"}],"about":[{"href":"https:\/\/cura.energy\/es\/wp-json\/wp\/v2\/types\/page"}],"replies":[{"embeddable":true,"href":"https:\/\/cura.energy\/es\/wp-json\/wp\/v2\/comments?post=1727"}],"version-history":[{"count":12,"href":"https:\/\/cura.energy\/es\/wp-json\/wp\/v2\/pages\/1727\/revisions"}],"predecessor-version":[{"id":2094,"href":"https:\/\/cura.energy\/es\/wp-json\/wp\/v2\/pages\/1727\/revisions\/2094"}],"wp:attachment":[{"href":"https:\/\/cura.energy\/es\/wp-json\/wp\/v2\/media?parent=1727"}],"curies":[{"name":"wp","href":"https:\/\/api.w.org\/{rel}","templated":true}]}}