{"id":477,"date":"2026-04-14T02:34:17","date_gmt":"2026-04-14T02:34:17","guid":{"rendered":"https:\/\/staging.cura.energy\/terms-and-conditions\/"},"modified":"2026-05-05T03:40:54","modified_gmt":"2026-05-05T03:40:54","slug":"terminos-y-condiciones","status":"publish","type":"page","link":"https:\/\/cura.energy\/es\/terminos-y-condiciones\/","title":{"rendered":"T\u00e9rminos y Condiciones"},"content":{"rendered":"\t\t<div data-elementor-type=\"wp-page\" data-elementor-id=\"477\" class=\"elementor elementor-477 elementor-237\" data-elementor-post-type=\"page\">\n\t\t\t\t<div class=\"elementor-element elementor-element-5eb314db e-flex e-con-boxed e-con e-parent\" data-id=\"5eb314db\" data-element_type=\"container\" data-e-type=\"container\">\n\t\t\t\t\t<div class=\"e-con-inner\">\n\t\t\t\t<div class=\"elementor-element elementor-element-31b966eb elementor-widget elementor-widget-text-editor\" data-id=\"31b966eb\" data-element_type=\"widget\" data-e-type=\"widget\" data-widget_type=\"text-editor.default\">\n\t\t\t\t\t\t\t\t\t\n<div class=\"w-2\/3 max-[800px]:w-full flex flex-col gap-5\">\n<div class=\"w-2\/3 max-[800px]:w-full flex flex-col gap-5\">\n<h1 class=\"heading-1 text-black\" data-i18n=\"terms.title\">T\u00e9rminos y Condiciones<\/h1>\n<p class=\"text-black para-1\" data-i18n=\"terms.updated\">\u00daltima actualizaci\u00f3n: marzo de 2026<\/p>\n<\/div>\n<div class=\"w-2\/3 max-[800px]:w-full flex flex-col gap-5\">\n<p class=\"text-black para-1\" data-i18n=\"terms.intro\">Bienvenido a CURA. Al acceder o utilizar nuestro sitio web, aceptas quedar sujeto a estos T\u00e9rminos y Condiciones. Por favor, l\u00e9elos con atenci\u00f3n.<\/p>\n<\/div>\n<div class=\"w-2\/3 max-[800px]:w-full flex flex-col gap-1\">\n<h1 class=\"para-1 text-black font-bold underline\" data-i18n=\"terms.general_title\">1. Informaci\u00f3n general<\/h1>\n<p class=\"text-black para-1\" data-i18n=\"terms.general_text\">CURA es una plataforma en desarrollo dise\u00f1ada para ofrecer herramientas, cursos y experiencias que apoyan el crecimiento personal y la vida consciente. El sitio web actual funciona como portal informativo y de registro mientras construimos la plataforma completa.<\/p>\n<\/div>\n<div class=\"w-2\/3 max-[800px]:w-full flex flex-col gap-1\">\n<h1 class=\"para-1 text-black font-bold underline\" data-i18n=\"terms.use_title\">2. Uso del sitio web<\/h1>\n<p class=\"text-black para-1\" data-i18n=\"terms.use_text\">Al usar este sitio, aceptas hacerlo \u00fanicamente con fines legales y conforme a estos T\u00e9rminos. No debes hacer un uso indebido del sitio, intentar accesos no autorizados ni realizar cualquier acci\u00f3n que pueda afectar su funcionamiento.<\/p>\n<\/div>\n<div class=\"w-2\/3 max-[800px]:w-full flex flex-col gap-1\">\n<h1 class=\"para-1 text-black font-bold underline\" data-i18n=\"terms.registration_title\">3. Registro y comunicaciones<\/h1>\n<p class=\"text-black para-1\" data-i18n=\"terms.registration_text\">Si te registras o env\u00edas tu informaci\u00f3n, aceptas que CURA pueda contactarte por correo electr\u00f3nico con actualizaciones, lanzamientos u otras comunicaciones relevantes. Puedes darte de baja en cualquier momento.<\/p>\n<\/div>\n<div class=\"w-2\/3 max-[800px]:w-full flex flex-col gap-1\">\n<h1 class=\"para-1 text-black font-bold underline\" data-i18n=\"terms.intellectual_title\">4. Propiedad intelectual<\/h1>\n<p class=\"text-black para-1\" data-i18n=\"terms.intellectual_text\">Todo el contenido de este sitio web \u2014 incluidos textos, dise\u00f1o, gr\u00e1ficos, logotipos y otros materiales \u2014 es propiedad intelectual de CURA, salvo que se indique lo contrario. No puedes reproducir, distribuir ni modificar ning\u00fan material sin consentimiento previo por escrito.<\/p>\n<\/div>\n<div class=\"w-2\/3 max-[800px]:w-full flex flex-col gap-1\">\n<h1 class=\"para-1 text-black font-bold underline\" data-i18n=\"terms.disclaimer_title\">5. Aviso legal<\/h1>\n<p class=\"text-black para-1\" data-i18n=\"terms.disclaimer_text\">La informaci\u00f3n compartida a trav\u00e9s de este sitio tiene car\u00e1cter general e informativo. A medida que CURA contin\u00faa desarroll\u00e1ndose, los detalles sobre nuestros servicios, precios y estructura de membres\u00eda pueden cambiar.<\/p>\n<\/div>\n<div class=\"w-2\/3 max-[800px]:w-full flex flex-col gap-1\">\n<h1 class=\"para-1 text-black font-bold underline\" data-i18n=\"terms.liability_title\">6. Limitaci\u00f3n de responsabilidad<\/h1>\n<p class=\"text-black para-1\" data-i18n=\"terms.liability_text\">CURA no ser\u00e1 responsable de ning\u00fan da\u00f1o derivado del uso \u2014 o la imposibilidad de uso \u2014 de este sitio web.<\/p>\n<\/div>\n<div class=\"w-2\/3 max-[800px]:w-full flex flex-col gap-1\">\n<h1 class=\"para-1 text-black font-bold underline\" data-i18n=\"terms.changes_title\">7. Cambios en estos t\u00e9rminos<\/h1>\n<p class=\"text-black para-1\" data-i18n=\"terms.changes_text\">CURA se reserva el derecho de modificar o actualizar estos T\u00e9rminos en cualquier momento. Los cambios se publicar\u00e1n aqu\u00ed con una nueva fecha de \u201c\u00daltima actualizaci\u00f3n\u201d.<\/p>\n<\/div>\n<div class=\"w-2\/3 max-[800px]:w-full flex flex-col gap-1\">\n<h1 class=\"para-1 text-black font-bold underline\" data-i18n=\"terms.contact_title\">8. Cont\u00e1ctanos<\/h1>\n<p class=\"text-black para-1\" data-i18n=\"terms.contact_text\">Si tienes preguntas sobre estos T\u00e9rminos, puedes escribirnos a: hello@cura.energy<\/p>\n<\/div>\n<\/div>\t\t\t\t\t\t\t\t<\/div>\n\t\t\t\t\t<\/div>\n\t\t\t\t<\/div>\n\t\t\t\t<\/div>\n\t\t","protected":false},"excerpt":{"rendered":"<p>T\u00e9rminos y Condiciones \u00daltima actualizaci\u00f3n: marzo de 2026 Bienvenido a CURA. Al acceder o utilizar nuestro sitio web, aceptas quedar sujeto a estos T\u00e9rminos y Condiciones. Por favor, l\u00e9elos con atenci\u00f3n. 1. Informaci\u00f3n general CURA es una plataforma en desarrollo dise\u00f1ada para ofrecer herramientas, cursos y experiencias que apoyan el crecimiento personal y la vida [&hellip;]<\/p>\n","protected":false},"author":1,"featured_media":0,"parent":0,"menu_order":0,"comment_status":"closed","ping_status":"closed","template":"","meta":{"footnotes":""},"class_list":["post-477","page","type-page","status-publish","hentry"],"_links":{"self":[{"href":"https:\/\/cura.energy\/es\/wp-json\/wp\/v2\/pages\/477","targetHints":{"allow":["GET"]}}],"collection":[{"href":"https:\/\/cura.energy\/es\/wp-json\/wp\/v2\/pages"}],"about":[{"href":"https:\/\/cura.energy\/es\/wp-json\/wp\/v2\/types\/page"}],"author":[{"embeddable":true,"href":"https:\/\/cura.energy\/es\/wp-json\/wp\/v2\/users\/1"}],"replies":[{"embeddable":true,"href":"https:\/\/cura.energy\/es\/wp-json\/wp\/v2\/comments?post=477"}],"version-history":[{"count":3,"href":"https:\/\/cura.energy\/es\/wp-json\/wp\/v2\/pages\/477\/revisions"}],"predecessor-version":[{"id":788,"href":"https:\/\/cura.energy\/es\/wp-json\/wp\/v2\/pages\/477\/revisions\/788"}],"wp:attachment":[{"href":"https:\/\/cura.energy\/es\/wp-json\/wp\/v2\/media?parent=477"}],"curies":[{"name":"wp","href":"https:\/\/api.w.org\/{rel}","templated":true}]}}